{"id":184,"date":"2023-03-10T12:24:59","date_gmt":"2023-03-10T11:24:59","guid":{"rendered":"https:\/\/pharmanext.hu\/?page_id=184"},"modified":"2023-05-08T18:28:01","modified_gmt":"2023-05-08T16:28:01","slug":"brand-representation","status":"publish","type":"page","link":"https:\/\/pharmanext.hu\/en\/brand-representation\/","title":{"rendered":"Brand representation"},"content":{"rendered":"\n<h4 class=\"font-normal pb-3\" style=\"text-transform:uppercase\">Are you looking to expand your OTC brand presence to Hungary?<\/h4>\n\n\n\n<p>Pharmanext&#8217;s main activity is the representation of OTC medicines, medical devices and dietary supplements within Hungary.<\/p>\n\n\n\n<p>Our company currently represents 11 own or distributed brands, including the market leader Sterimart or Klosterfrau Icelandic Moss.<\/p>\n\n\n\n<p>The growing sales are ensured by the detailing work of our pharmacy and doctor visiting team of national coverage, and by our continuous and effective marketing support put behind the brands.<\/p>\n\n\n\n<p>We continuously monitor the sales of our products with our own measurements and third-party data (IQVIA PTR sell-in, sell-out).<\/p>\n\n\n\n<p><strong>We provide the following services to our future partners<\/strong><\/p>\n\n\n\n<ul>\n<li>Distribution of pharmaceuticals, medical devices, food supplements and cosmetics in pharmacies, drogeries and mass market channels<\/li>\n\n\n\n<li>Key account management service to pharmacy chains and national coverage of of pharmacy visitation (distribution building \/ brand representation)<\/li>\n\n\n\n<li>Communication strategy development, implementation, media management<\/li>\n\n\n\n<li>Commercial strategy consulting<\/li>\n<\/ul>\n","protected":false},"excerpt":{"rendered":"<p>Are you looking to expand your OTC brand presence to Hungary? Pharmanext&#8217;s main activity is [&hellip;]<\/p>\n","protected":false},"author":1,"featured_media":336,"parent":0,"menu_order":1,"comment_status":"closed","ping_status":"closed","template":"page-service.php","meta":{"footnotes":""},"acf":[],"yoast_head":"<!-- This site is optimized with the Yoast SEO plugin v21.8 - https:\/\/yoast.com\/wordpress\/plugins\/seo\/ -->\n<title>Brand representation - Pharmanext<\/title>\n<meta name=\"robots\" content=\"index, follow, max-snippet:-1, max-image-preview:large, max-video-preview:-1\" \/>\n<link rel=\"canonical\" href=\"https:\/\/pharmanext.hu\/en\/brand-representation\/\" \/>\n<meta property=\"og:locale\" content=\"en_US\" \/>\n<meta property=\"og:type\" content=\"article\" \/>\n<meta property=\"og:title\" content=\"Brand representation - Pharmanext\" \/>\n<meta property=\"og:description\" content=\"Are you looking to expand your OTC brand presence to Hungary? Pharmanext&#8217;s main activity is [&hellip;]\" \/>\n<meta property=\"og:url\" content=\"https:\/\/pharmanext.hu\/en\/brand-representation\/\" \/>\n<meta property=\"og:site_name\" content=\"Pharmanext\" \/>\n<meta property=\"article:modified_time\" content=\"2023-05-08T16:28:01+00:00\" \/>\n<meta property=\"og:image\" content=\"https:\/\/pharmanext.hu\/wp-content\/uploads\/2023\/04\/pharmanext_szolg_markakepviselet.png\" \/>\n\t<meta property=\"og:image:width\" content=\"850\" \/>\n\t<meta property=\"og:image:height\" content=\"450\" \/>\n\t<meta property=\"og:image:type\" content=\"image\/png\" \/>\n<meta name=\"twitter:card\" content=\"summary_large_image\" \/>\n<meta name=\"twitter:label1\" content=\"Est. reading time\" \/>\n\t<meta name=\"twitter:data1\" content=\"1 minute\" \/>\n<script type=\"application\/ld+json\" class=\"yoast-schema-graph\">{\"@context\":\"https:\/\/schema.org\",\"@graph\":[{\"@type\":\"WebPage\",\"@id\":\"https:\/\/pharmanext.hu\/en\/brand-representation\/\",\"url\":\"https:\/\/pharmanext.hu\/en\/brand-representation\/\",\"name\":\"Brand representation - Pharmanext\",\"isPartOf\":{\"@id\":\"https:\/\/pharmanext.hu\/#website\"},\"datePublished\":\"2023-03-10T11:24:59+00:00\",\"dateModified\":\"2023-05-08T16:28:01+00:00\",\"breadcrumb\":{\"@id\":\"https:\/\/pharmanext.hu\/en\/brand-representation\/#breadcrumb\"},\"inLanguage\":\"en-US\",\"potentialAction\":[{\"@type\":\"ReadAction\",\"target\":[\"https:\/\/pharmanext.hu\/en\/brand-representation\/\"]}]},{\"@type\":\"BreadcrumbList\",\"@id\":\"https:\/\/pharmanext.hu\/en\/brand-representation\/#breadcrumb\",\"itemListElement\":[{\"@type\":\"ListItem\",\"position\":1,\"name\":\"Kezd\u0151lap\",\"item\":\"https:\/\/pharmanext.hu\/en\/\"},{\"@type\":\"ListItem\",\"position\":2,\"name\":\"Brand representation\"}]},{\"@type\":\"WebSite\",\"@id\":\"https:\/\/pharmanext.hu\/#website\",\"url\":\"https:\/\/pharmanext.hu\/\",\"name\":\"Pharmanext - Az \u00d6n OTC gy\u00f3gyszeripari szolg\u00e1ltat\u00f3ja\",\"description\":\"Az \u00d6n OTC Gy\u00f3gyszeripari Szolg\u00e1ltat\u00f3ja\",\"publisher\":{\"@id\":\"https:\/\/pharmanext.hu\/#organization\"},\"potentialAction\":[{\"@type\":\"SearchAction\",\"target\":{\"@type\":\"EntryPoint\",\"urlTemplate\":\"https:\/\/pharmanext.hu\/?s={search_term_string}\"},\"query-input\":\"required name=search_term_string\"}],\"inLanguage\":\"en-US\"},{\"@type\":\"Organization\",\"@id\":\"https:\/\/pharmanext.hu\/#organization\",\"name\":\"Pharmanext - Az \u00d6n OTC gy\u00f3gyszeripari szolg\u00e1ltat\u00f3ja\",\"url\":\"https:\/\/pharmanext.hu\/\",\"logo\":{\"@type\":\"ImageObject\",\"inLanguage\":\"en-US\",\"@id\":\"https:\/\/pharmanext.hu\/#\/schema\/logo\/image\/\",\"url\":\"https:\/\/pharmanext.hu\/wp-content\/uploads\/2023\/04\/pharmanext.png\",\"contentUrl\":\"https:\/\/pharmanext.hu\/wp-content\/uploads\/2023\/04\/pharmanext.png\",\"width\":205,\"height\":103,\"caption\":\"Pharmanext - Az \u00d6n OTC gy\u00f3gyszeripari szolg\u00e1ltat\u00f3ja\"},\"image\":{\"@id\":\"https:\/\/pharmanext.hu\/#\/schema\/logo\/image\/\"},\"sameAs\":[\"https:\/\/www.linkedin.com\/company\/pharmanexthungary\/\"]}]}<\/script>\n<!-- \/ Yoast SEO plugin. -->","yoast_head_json":{"title":"Brand representation - Pharmanext","robots":{"index":"index","follow":"follow","max-snippet":"max-snippet:-1","max-image-preview":"max-image-preview:large","max-video-preview":"max-video-preview:-1"},"canonical":"https:\/\/pharmanext.hu\/en\/brand-representation\/","og_locale":"en_US","og_type":"article","og_title":"Brand representation - Pharmanext","og_description":"Are you looking to expand your OTC brand presence to Hungary? Pharmanext&#8217;s main activity is [&hellip;]","og_url":"https:\/\/pharmanext.hu\/en\/brand-representation\/","og_site_name":"Pharmanext","article_modified_time":"2023-05-08T16:28:01+00:00","og_image":[{"width":850,"height":450,"url":"https:\/\/pharmanext.hu\/wp-content\/uploads\/2023\/04\/pharmanext_szolg_markakepviselet.png","type":"image\/png"}],"twitter_card":"summary_large_image","twitter_misc":{"Est. reading time":"1 minute"},"schema":{"@context":"https:\/\/schema.org","@graph":[{"@type":"WebPage","@id":"https:\/\/pharmanext.hu\/en\/brand-representation\/","url":"https:\/\/pharmanext.hu\/en\/brand-representation\/","name":"Brand representation - Pharmanext","isPartOf":{"@id":"https:\/\/pharmanext.hu\/#website"},"datePublished":"2023-03-10T11:24:59+00:00","dateModified":"2023-05-08T16:28:01+00:00","breadcrumb":{"@id":"https:\/\/pharmanext.hu\/en\/brand-representation\/#breadcrumb"},"inLanguage":"en-US","potentialAction":[{"@type":"ReadAction","target":["https:\/\/pharmanext.hu\/en\/brand-representation\/"]}]},{"@type":"BreadcrumbList","@id":"https:\/\/pharmanext.hu\/en\/brand-representation\/#breadcrumb","itemListElement":[{"@type":"ListItem","position":1,"name":"Kezd\u0151lap","item":"https:\/\/pharmanext.hu\/en\/"},{"@type":"ListItem","position":2,"name":"Brand representation"}]},{"@type":"WebSite","@id":"https:\/\/pharmanext.hu\/#website","url":"https:\/\/pharmanext.hu\/","name":"Pharmanext - Az \u00d6n OTC gy\u00f3gyszeripari szolg\u00e1ltat\u00f3ja","description":"Az \u00d6n OTC Gy\u00f3gyszeripari Szolg\u00e1ltat\u00f3ja","publisher":{"@id":"https:\/\/pharmanext.hu\/#organization"},"potentialAction":[{"@type":"SearchAction","target":{"@type":"EntryPoint","urlTemplate":"https:\/\/pharmanext.hu\/?s={search_term_string}"},"query-input":"required name=search_term_string"}],"inLanguage":"en-US"},{"@type":"Organization","@id":"https:\/\/pharmanext.hu\/#organization","name":"Pharmanext - Az \u00d6n OTC gy\u00f3gyszeripari szolg\u00e1ltat\u00f3ja","url":"https:\/\/pharmanext.hu\/","logo":{"@type":"ImageObject","inLanguage":"en-US","@id":"https:\/\/pharmanext.hu\/#\/schema\/logo\/image\/","url":"https:\/\/pharmanext.hu\/wp-content\/uploads\/2023\/04\/pharmanext.png","contentUrl":"https:\/\/pharmanext.hu\/wp-content\/uploads\/2023\/04\/pharmanext.png","width":205,"height":103,"caption":"Pharmanext - Az \u00d6n OTC gy\u00f3gyszeripari szolg\u00e1ltat\u00f3ja"},"image":{"@id":"https:\/\/pharmanext.hu\/#\/schema\/logo\/image\/"},"sameAs":["https:\/\/www.linkedin.com\/company\/pharmanexthungary\/"]}]}},"_links":{"self":[{"href":"https:\/\/pharmanext.hu\/en\/wp-json\/wp\/v2\/pages\/184"}],"collection":[{"href":"https:\/\/pharmanext.hu\/en\/wp-json\/wp\/v2\/pages"}],"about":[{"href":"https:\/\/pharmanext.hu\/en\/wp-json\/wp\/v2\/types\/page"}],"author":[{"embeddable":true,"href":"https:\/\/pharmanext.hu\/en\/wp-json\/wp\/v2\/users\/1"}],"replies":[{"embeddable":true,"href":"https:\/\/pharmanext.hu\/en\/wp-json\/wp\/v2\/comments?post=184"}],"version-history":[{"count":8,"href":"https:\/\/pharmanext.hu\/en\/wp-json\/wp\/v2\/pages\/184\/revisions"}],"predecessor-version":[{"id":363,"href":"https:\/\/pharmanext.hu\/en\/wp-json\/wp\/v2\/pages\/184\/revisions\/363"}],"wp:featuredmedia":[{"embeddable":true,"href":"https:\/\/pharmanext.hu\/en\/wp-json\/wp\/v2\/media\/336"}],"wp:attachment":[{"href":"https:\/\/pharmanext.hu\/en\/wp-json\/wp\/v2\/media?parent=184"}],"curies":[{"name":"wp","href":"https:\/\/api.w.org\/{rel}","templated":true}]}}