{"id":181,"date":"2023-03-10T11:55:13","date_gmt":"2023-03-10T10:55:13","guid":{"rendered":"https:\/\/pharmanext.hu\/?page_id=181"},"modified":"2023-05-08T18:28:23","modified_gmt":"2023-05-08T16:28:23","slug":"third-party-sales-force","status":"publish","type":"page","link":"https:\/\/pharmanext.hu\/en\/third-party-sales-force\/","title":{"rendered":"Third party sales force"},"content":{"rendered":"\n<h4 class=\"font-normal pb-3\" style=\"text-transform:uppercase\">Would like to generate higher sales in the pharmacy channel with your brand?<\/h4>\n\n\n\n<p>Pharmanext provides national coverage of pharmacy and paed visitation, and key account services, and therefore can help in efficient distribution building in pharmacies, and professional detailing to HCPs.<\/p>\n\n\n\n<ul>\n<li>Distribution buidling of new products<\/li>\n\n\n\n<li>Distribution development of estalished, already launched products<\/li>\n\n\n\n<li>Detailing to pharmacy assistants<\/li>\n\n\n\n<li>Promotional order entry<\/li>\n\n\n\n<li>Follow-up and continous in-pharmacy management of launched products<\/li>\n\n\n\n<li>Negotiating, implementing, managing shelf presence and displays<\/li>\n\n\n\n<li>Special\/other duties of your need<\/li>\n<\/ul>\n\n\n\n<p><strong>Brands that have recently profited from our third party sales services include Hell\/Swiss Laboratories, Vegnum, Nottevit.<\/strong><\/p>\n","protected":false},"excerpt":{"rendered":"<p>Would like to generate higher sales in the pharmacy channel with your brand? Pharmanext provides [&hellip;]<\/p>\n","protected":false},"author":1,"featured_media":338,"parent":0,"menu_order":4,"comment_status":"closed","ping_status":"closed","template":"page-service.php","meta":{"footnotes":""},"acf":[],"yoast_head":"<!-- This site is optimized with the Yoast SEO plugin v21.8 - https:\/\/yoast.com\/wordpress\/plugins\/seo\/ -->\n<title>Third party sales force - Pharmanext<\/title>\n<meta name=\"robots\" content=\"index, follow, max-snippet:-1, max-image-preview:large, max-video-preview:-1\" \/>\n<link rel=\"canonical\" href=\"https:\/\/pharmanext.hu\/en\/third-party-sales-force\/\" \/>\n<meta property=\"og:locale\" content=\"en_US\" \/>\n<meta property=\"og:type\" content=\"article\" \/>\n<meta property=\"og:title\" content=\"Third party sales force - Pharmanext\" \/>\n<meta property=\"og:description\" content=\"Would like to generate higher sales in the pharmacy channel with your brand? Pharmanext provides [&hellip;]\" \/>\n<meta property=\"og:url\" content=\"https:\/\/pharmanext.hu\/en\/third-party-sales-force\/\" \/>\n<meta property=\"og:site_name\" content=\"Pharmanext\" \/>\n<meta property=\"article:modified_time\" content=\"2023-05-08T16:28:23+00:00\" \/>\n<meta property=\"og:image\" content=\"https:\/\/pharmanext.hu\/wp-content\/uploads\/2023\/04\/pharmanext_szolg_tanacsadas.png\" \/>\n\t<meta property=\"og:image:width\" content=\"850\" \/>\n\t<meta property=\"og:image:height\" content=\"450\" \/>\n\t<meta property=\"og:image:type\" content=\"image\/png\" \/>\n<meta name=\"twitter:card\" content=\"summary_large_image\" \/>\n<meta name=\"twitter:label1\" content=\"Est. reading time\" \/>\n\t<meta name=\"twitter:data1\" content=\"1 minute\" \/>\n<script type=\"application\/ld+json\" class=\"yoast-schema-graph\">{\"@context\":\"https:\/\/schema.org\",\"@graph\":[{\"@type\":\"WebPage\",\"@id\":\"https:\/\/pharmanext.hu\/en\/third-party-sales-force\/\",\"url\":\"https:\/\/pharmanext.hu\/en\/third-party-sales-force\/\",\"name\":\"Third party sales force - Pharmanext\",\"isPartOf\":{\"@id\":\"https:\/\/pharmanext.hu\/#website\"},\"datePublished\":\"2023-03-10T10:55:13+00:00\",\"dateModified\":\"2023-05-08T16:28:23+00:00\",\"breadcrumb\":{\"@id\":\"https:\/\/pharmanext.hu\/en\/third-party-sales-force\/#breadcrumb\"},\"inLanguage\":\"en-US\",\"potentialAction\":[{\"@type\":\"ReadAction\",\"target\":[\"https:\/\/pharmanext.hu\/en\/third-party-sales-force\/\"]}]},{\"@type\":\"BreadcrumbList\",\"@id\":\"https:\/\/pharmanext.hu\/en\/third-party-sales-force\/#breadcrumb\",\"itemListElement\":[{\"@type\":\"ListItem\",\"position\":1,\"name\":\"Kezd\u0151lap\",\"item\":\"https:\/\/pharmanext.hu\/en\/\"},{\"@type\":\"ListItem\",\"position\":2,\"name\":\"Third party sales force\"}]},{\"@type\":\"WebSite\",\"@id\":\"https:\/\/pharmanext.hu\/#website\",\"url\":\"https:\/\/pharmanext.hu\/\",\"name\":\"Pharmanext - Az \u00d6n OTC gy\u00f3gyszeripari szolg\u00e1ltat\u00f3ja\",\"description\":\"Az \u00d6n OTC Gy\u00f3gyszeripari Szolg\u00e1ltat\u00f3ja\",\"publisher\":{\"@id\":\"https:\/\/pharmanext.hu\/#organization\"},\"potentialAction\":[{\"@type\":\"SearchAction\",\"target\":{\"@type\":\"EntryPoint\",\"urlTemplate\":\"https:\/\/pharmanext.hu\/?s={search_term_string}\"},\"query-input\":\"required name=search_term_string\"}],\"inLanguage\":\"en-US\"},{\"@type\":\"Organization\",\"@id\":\"https:\/\/pharmanext.hu\/#organization\",\"name\":\"Pharmanext - Az \u00d6n OTC gy\u00f3gyszeripari szolg\u00e1ltat\u00f3ja\",\"url\":\"https:\/\/pharmanext.hu\/\",\"logo\":{\"@type\":\"ImageObject\",\"inLanguage\":\"en-US\",\"@id\":\"https:\/\/pharmanext.hu\/#\/schema\/logo\/image\/\",\"url\":\"https:\/\/pharmanext.hu\/wp-content\/uploads\/2023\/04\/pharmanext.png\",\"contentUrl\":\"https:\/\/pharmanext.hu\/wp-content\/uploads\/2023\/04\/pharmanext.png\",\"width\":205,\"height\":103,\"caption\":\"Pharmanext - Az \u00d6n OTC gy\u00f3gyszeripari szolg\u00e1ltat\u00f3ja\"},\"image\":{\"@id\":\"https:\/\/pharmanext.hu\/#\/schema\/logo\/image\/\"},\"sameAs\":[\"https:\/\/www.linkedin.com\/company\/pharmanexthungary\/\"]}]}<\/script>\n<!-- \/ Yoast SEO plugin. -->","yoast_head_json":{"title":"Third party sales force - Pharmanext","robots":{"index":"index","follow":"follow","max-snippet":"max-snippet:-1","max-image-preview":"max-image-preview:large","max-video-preview":"max-video-preview:-1"},"canonical":"https:\/\/pharmanext.hu\/en\/third-party-sales-force\/","og_locale":"en_US","og_type":"article","og_title":"Third party sales force - Pharmanext","og_description":"Would like to generate higher sales in the pharmacy channel with your brand? Pharmanext provides [&hellip;]","og_url":"https:\/\/pharmanext.hu\/en\/third-party-sales-force\/","og_site_name":"Pharmanext","article_modified_time":"2023-05-08T16:28:23+00:00","og_image":[{"width":850,"height":450,"url":"https:\/\/pharmanext.hu\/wp-content\/uploads\/2023\/04\/pharmanext_szolg_tanacsadas.png","type":"image\/png"}],"twitter_card":"summary_large_image","twitter_misc":{"Est. reading time":"1 minute"},"schema":{"@context":"https:\/\/schema.org","@graph":[{"@type":"WebPage","@id":"https:\/\/pharmanext.hu\/en\/third-party-sales-force\/","url":"https:\/\/pharmanext.hu\/en\/third-party-sales-force\/","name":"Third party sales force - Pharmanext","isPartOf":{"@id":"https:\/\/pharmanext.hu\/#website"},"datePublished":"2023-03-10T10:55:13+00:00","dateModified":"2023-05-08T16:28:23+00:00","breadcrumb":{"@id":"https:\/\/pharmanext.hu\/en\/third-party-sales-force\/#breadcrumb"},"inLanguage":"en-US","potentialAction":[{"@type":"ReadAction","target":["https:\/\/pharmanext.hu\/en\/third-party-sales-force\/"]}]},{"@type":"BreadcrumbList","@id":"https:\/\/pharmanext.hu\/en\/third-party-sales-force\/#breadcrumb","itemListElement":[{"@type":"ListItem","position":1,"name":"Kezd\u0151lap","item":"https:\/\/pharmanext.hu\/en\/"},{"@type":"ListItem","position":2,"name":"Third party sales force"}]},{"@type":"WebSite","@id":"https:\/\/pharmanext.hu\/#website","url":"https:\/\/pharmanext.hu\/","name":"Pharmanext - Az \u00d6n OTC gy\u00f3gyszeripari szolg\u00e1ltat\u00f3ja","description":"Az \u00d6n OTC Gy\u00f3gyszeripari Szolg\u00e1ltat\u00f3ja","publisher":{"@id":"https:\/\/pharmanext.hu\/#organization"},"potentialAction":[{"@type":"SearchAction","target":{"@type":"EntryPoint","urlTemplate":"https:\/\/pharmanext.hu\/?s={search_term_string}"},"query-input":"required name=search_term_string"}],"inLanguage":"en-US"},{"@type":"Organization","@id":"https:\/\/pharmanext.hu\/#organization","name":"Pharmanext - Az \u00d6n OTC gy\u00f3gyszeripari szolg\u00e1ltat\u00f3ja","url":"https:\/\/pharmanext.hu\/","logo":{"@type":"ImageObject","inLanguage":"en-US","@id":"https:\/\/pharmanext.hu\/#\/schema\/logo\/image\/","url":"https:\/\/pharmanext.hu\/wp-content\/uploads\/2023\/04\/pharmanext.png","contentUrl":"https:\/\/pharmanext.hu\/wp-content\/uploads\/2023\/04\/pharmanext.png","width":205,"height":103,"caption":"Pharmanext - Az \u00d6n OTC gy\u00f3gyszeripari szolg\u00e1ltat\u00f3ja"},"image":{"@id":"https:\/\/pharmanext.hu\/#\/schema\/logo\/image\/"},"sameAs":["https:\/\/www.linkedin.com\/company\/pharmanexthungary\/"]}]}},"_links":{"self":[{"href":"https:\/\/pharmanext.hu\/en\/wp-json\/wp\/v2\/pages\/181"}],"collection":[{"href":"https:\/\/pharmanext.hu\/en\/wp-json\/wp\/v2\/pages"}],"about":[{"href":"https:\/\/pharmanext.hu\/en\/wp-json\/wp\/v2\/types\/page"}],"author":[{"embeddable":true,"href":"https:\/\/pharmanext.hu\/en\/wp-json\/wp\/v2\/users\/1"}],"replies":[{"embeddable":true,"href":"https:\/\/pharmanext.hu\/en\/wp-json\/wp\/v2\/comments?post=181"}],"version-history":[{"count":6,"href":"https:\/\/pharmanext.hu\/en\/wp-json\/wp\/v2\/pages\/181\/revisions"}],"predecessor-version":[{"id":364,"href":"https:\/\/pharmanext.hu\/en\/wp-json\/wp\/v2\/pages\/181\/revisions\/364"}],"wp:featuredmedia":[{"embeddable":true,"href":"https:\/\/pharmanext.hu\/en\/wp-json\/wp\/v2\/media\/338"}],"wp:attachment":[{"href":"https:\/\/pharmanext.hu\/en\/wp-json\/wp\/v2\/media?parent=181"}],"curies":[{"name":"wp","href":"https:\/\/api.w.org\/{rel}","templated":true}]}}