{"id":177,"date":"2023-03-10T12:45:15","date_gmt":"2023-03-10T11:45:15","guid":{"rendered":"https:\/\/pharmanext.hu\/?page_id=177"},"modified":"2023-03-29T15:36:03","modified_gmt":"2023-03-29T13:36:03","slug":"about-us","status":"publish","type":"page","link":"https:\/\/pharmanext.hu\/en\/about-us\/","title":{"rendered":"About us"},"content":{"rendered":"","protected":false},"excerpt":{"rendered":"","protected":false},"author":1,"featured_media":0,"parent":0,"menu_order":0,"comment_status":"closed","ping_status":"closed","template":"page-about_us.php","meta":{"footnotes":""},"acf":[],"yoast_head":"<!-- This site is optimized with the Yoast SEO plugin v21.8 - https:\/\/yoast.com\/wordpress\/plugins\/seo\/ -->\n<title>About us - Pharmanext<\/title>\n<meta name=\"robots\" content=\"index, follow, max-snippet:-1, max-image-preview:large, max-video-preview:-1\" \/>\n<link rel=\"canonical\" href=\"https:\/\/pharmanext.hu\/en\/about-us\/\" \/>\n<meta property=\"og:locale\" content=\"en_US\" \/>\n<meta property=\"og:type\" content=\"article\" \/>\n<meta property=\"og:title\" content=\"About us - Pharmanext\" \/>\n<meta property=\"og:url\" content=\"https:\/\/pharmanext.hu\/en\/about-us\/\" \/>\n<meta property=\"og:site_name\" content=\"Pharmanext\" \/>\n<meta property=\"article:modified_time\" content=\"2023-03-29T13:36:03+00:00\" \/>\n<meta property=\"og:image\" content=\"https:\/\/pharmanext.hu\/wp-content\/uploads\/2023\/03\/hero_about-us.jpg\" \/>\n\t<meta property=\"og:image:width\" content=\"860\" \/>\n\t<meta property=\"og:image:height\" content=\"445\" \/>\n\t<meta property=\"og:image:type\" content=\"image\/jpeg\" \/>\n<meta name=\"twitter:card\" content=\"summary_large_image\" \/>\n<script type=\"application\/ld+json\" class=\"yoast-schema-graph\">{\"@context\":\"https:\/\/schema.org\",\"@graph\":[{\"@type\":\"WebPage\",\"@id\":\"https:\/\/pharmanext.hu\/en\/about-us\/\",\"url\":\"https:\/\/pharmanext.hu\/en\/about-us\/\",\"name\":\"About us - Pharmanext\",\"isPartOf\":{\"@id\":\"https:\/\/pharmanext.hu\/#website\"},\"datePublished\":\"2023-03-10T11:45:15+00:00\",\"dateModified\":\"2023-03-29T13:36:03+00:00\",\"breadcrumb\":{\"@id\":\"https:\/\/pharmanext.hu\/en\/about-us\/#breadcrumb\"},\"inLanguage\":\"en-US\",\"potentialAction\":[{\"@type\":\"ReadAction\",\"target\":[\"https:\/\/pharmanext.hu\/en\/about-us\/\"]}]},{\"@type\":\"BreadcrumbList\",\"@id\":\"https:\/\/pharmanext.hu\/en\/about-us\/#breadcrumb\",\"itemListElement\":[{\"@type\":\"ListItem\",\"position\":1,\"name\":\"Kezd\u0151lap\",\"item\":\"https:\/\/pharmanext.hu\/en\/\"},{\"@type\":\"ListItem\",\"position\":2,\"name\":\"About us\"}]},{\"@type\":\"WebSite\",\"@id\":\"https:\/\/pharmanext.hu\/#website\",\"url\":\"https:\/\/pharmanext.hu\/\",\"name\":\"Pharmanext - Az \u00d6n OTC gy\u00f3gyszeripari szolg\u00e1ltat\u00f3ja\",\"description\":\"Az \u00d6n OTC Gy\u00f3gyszeripari Szolg\u00e1ltat\u00f3ja\",\"publisher\":{\"@id\":\"https:\/\/pharmanext.hu\/#organization\"},\"potentialAction\":[{\"@type\":\"SearchAction\",\"target\":{\"@type\":\"EntryPoint\",\"urlTemplate\":\"https:\/\/pharmanext.hu\/?s={search_term_string}\"},\"query-input\":\"required name=search_term_string\"}],\"inLanguage\":\"en-US\"},{\"@type\":\"Organization\",\"@id\":\"https:\/\/pharmanext.hu\/#organization\",\"name\":\"Pharmanext - Az \u00d6n OTC gy\u00f3gyszeripari szolg\u00e1ltat\u00f3ja\",\"url\":\"https:\/\/pharmanext.hu\/\",\"logo\":{\"@type\":\"ImageObject\",\"inLanguage\":\"en-US\",\"@id\":\"https:\/\/pharmanext.hu\/#\/schema\/logo\/image\/\",\"url\":\"https:\/\/pharmanext.hu\/wp-content\/uploads\/2023\/04\/pharmanext.png\",\"contentUrl\":\"https:\/\/pharmanext.hu\/wp-content\/uploads\/2023\/04\/pharmanext.png\",\"width\":205,\"height\":103,\"caption\":\"Pharmanext - Az \u00d6n OTC gy\u00f3gyszeripari szolg\u00e1ltat\u00f3ja\"},\"image\":{\"@id\":\"https:\/\/pharmanext.hu\/#\/schema\/logo\/image\/\"},\"sameAs\":[\"https:\/\/www.linkedin.com\/company\/pharmanexthungary\/\"]}]}<\/script>\n<!-- \/ Yoast SEO plugin. -->","yoast_head_json":{"title":"About us - Pharmanext","robots":{"index":"index","follow":"follow","max-snippet":"max-snippet:-1","max-image-preview":"max-image-preview:large","max-video-preview":"max-video-preview:-1"},"canonical":"https:\/\/pharmanext.hu\/en\/about-us\/","og_locale":"en_US","og_type":"article","og_title":"About us - Pharmanext","og_url":"https:\/\/pharmanext.hu\/en\/about-us\/","og_site_name":"Pharmanext","article_modified_time":"2023-03-29T13:36:03+00:00","og_image":[{"width":860,"height":445,"url":"https:\/\/pharmanext.hu\/wp-content\/uploads\/2023\/03\/hero_about-us.jpg","type":"image\/jpeg"}],"twitter_card":"summary_large_image","schema":{"@context":"https:\/\/schema.org","@graph":[{"@type":"WebPage","@id":"https:\/\/pharmanext.hu\/en\/about-us\/","url":"https:\/\/pharmanext.hu\/en\/about-us\/","name":"About us - Pharmanext","isPartOf":{"@id":"https:\/\/pharmanext.hu\/#website"},"datePublished":"2023-03-10T11:45:15+00:00","dateModified":"2023-03-29T13:36:03+00:00","breadcrumb":{"@id":"https:\/\/pharmanext.hu\/en\/about-us\/#breadcrumb"},"inLanguage":"en-US","potentialAction":[{"@type":"ReadAction","target":["https:\/\/pharmanext.hu\/en\/about-us\/"]}]},{"@type":"BreadcrumbList","@id":"https:\/\/pharmanext.hu\/en\/about-us\/#breadcrumb","itemListElement":[{"@type":"ListItem","position":1,"name":"Kezd\u0151lap","item":"https:\/\/pharmanext.hu\/en\/"},{"@type":"ListItem","position":2,"name":"About us"}]},{"@type":"WebSite","@id":"https:\/\/pharmanext.hu\/#website","url":"https:\/\/pharmanext.hu\/","name":"Pharmanext - Az \u00d6n OTC gy\u00f3gyszeripari szolg\u00e1ltat\u00f3ja","description":"Az \u00d6n OTC Gy\u00f3gyszeripari Szolg\u00e1ltat\u00f3ja","publisher":{"@id":"https:\/\/pharmanext.hu\/#organization"},"potentialAction":[{"@type":"SearchAction","target":{"@type":"EntryPoint","urlTemplate":"https:\/\/pharmanext.hu\/?s={search_term_string}"},"query-input":"required name=search_term_string"}],"inLanguage":"en-US"},{"@type":"Organization","@id":"https:\/\/pharmanext.hu\/#organization","name":"Pharmanext - Az \u00d6n OTC gy\u00f3gyszeripari szolg\u00e1ltat\u00f3ja","url":"https:\/\/pharmanext.hu\/","logo":{"@type":"ImageObject","inLanguage":"en-US","@id":"https:\/\/pharmanext.hu\/#\/schema\/logo\/image\/","url":"https:\/\/pharmanext.hu\/wp-content\/uploads\/2023\/04\/pharmanext.png","contentUrl":"https:\/\/pharmanext.hu\/wp-content\/uploads\/2023\/04\/pharmanext.png","width":205,"height":103,"caption":"Pharmanext - Az \u00d6n OTC gy\u00f3gyszeripari szolg\u00e1ltat\u00f3ja"},"image":{"@id":"https:\/\/pharmanext.hu\/#\/schema\/logo\/image\/"},"sameAs":["https:\/\/www.linkedin.com\/company\/pharmanexthungary\/"]}]}},"_links":{"self":[{"href":"https:\/\/pharmanext.hu\/en\/wp-json\/wp\/v2\/pages\/177"}],"collection":[{"href":"https:\/\/pharmanext.hu\/en\/wp-json\/wp\/v2\/pages"}],"about":[{"href":"https:\/\/pharmanext.hu\/en\/wp-json\/wp\/v2\/types\/page"}],"author":[{"embeddable":true,"href":"https:\/\/pharmanext.hu\/en\/wp-json\/wp\/v2\/users\/1"}],"replies":[{"embeddable":true,"href":"https:\/\/pharmanext.hu\/en\/wp-json\/wp\/v2\/comments?post=177"}],"version-history":[{"count":2,"href":"https:\/\/pharmanext.hu\/en\/wp-json\/wp\/v2\/pages\/177\/revisions"}],"predecessor-version":[{"id":179,"href":"https:\/\/pharmanext.hu\/en\/wp-json\/wp\/v2\/pages\/177\/revisions\/179"}],"wp:attachment":[{"href":"https:\/\/pharmanext.hu\/en\/wp-json\/wp\/v2\/media?parent=177"}],"curies":[{"name":"wp","href":"https:\/\/api.w.org\/{rel}","templated":true}]}}