{"id":170,"date":"2023-03-09T16:46:20","date_gmt":"2023-03-09T15:46:20","guid":{"rendered":"https:\/\/pharmanext.hu\/?page_id=170"},"modified":"2023-05-08T20:14:01","modified_gmt":"2023-05-08T18:14:01","slug":"home-page","status":"publish","type":"page","link":"https:\/\/pharmanext.hu\/en\/","title":{"rendered":"Home page"},"content":{"rendered":"","protected":false},"excerpt":{"rendered":"","protected":false},"author":1,"featured_media":0,"parent":0,"menu_order":0,"comment_status":"closed","ping_status":"closed","template":"","meta":{"footnotes":""},"acf":[],"yoast_head":"<!-- This site is optimized with the Yoast SEO plugin v21.8 - https:\/\/yoast.com\/wordpress\/plugins\/seo\/ -->\n<title>Pharmanext - Your OTCpartner in Hungary<\/title>\n<meta name=\"robots\" content=\"index, follow, max-snippet:-1, max-image-preview:large, max-video-preview:-1\" \/>\n<link rel=\"canonical\" href=\"https:\/\/pharmanext.hu\/en\/\" \/>\n<meta property=\"og:locale\" content=\"en_US\" \/>\n<meta property=\"og:type\" content=\"article\" \/>\n<meta property=\"og:title\" content=\"Pharmanext - Your OTCpartner in Hungary\" \/>\n<meta property=\"og:url\" content=\"https:\/\/pharmanext.hu\/en\/\" \/>\n<meta property=\"og:site_name\" content=\"Pharmanext\" \/>\n<meta property=\"article:modified_time\" content=\"2023-05-08T18:14:01+00:00\" \/>\n<meta name=\"twitter:card\" content=\"summary_large_image\" \/>\n<script type=\"application\/ld+json\" class=\"yoast-schema-graph\">{\"@context\":\"https:\/\/schema.org\",\"@graph\":[{\"@type\":\"WebPage\",\"@id\":\"https:\/\/pharmanext.hu\/en\/\",\"url\":\"https:\/\/pharmanext.hu\/en\/\",\"name\":\"Pharmanext - Your OTCpartner in Hungary\",\"isPartOf\":{\"@id\":\"https:\/\/pharmanext.hu\/#website\"},\"datePublished\":\"2023-03-09T15:46:20+00:00\",\"dateModified\":\"2023-05-08T18:14:01+00:00\",\"breadcrumb\":{\"@id\":\"https:\/\/pharmanext.hu\/en\/#breadcrumb\"},\"inLanguage\":\"en-US\",\"potentialAction\":[{\"@type\":\"ReadAction\",\"target\":[\"https:\/\/pharmanext.hu\/en\/\"]}]},{\"@type\":\"BreadcrumbList\",\"@id\":\"https:\/\/pharmanext.hu\/en\/#breadcrumb\",\"itemListElement\":[{\"@type\":\"ListItem\",\"position\":1,\"name\":\"Kezd\u0151lap\",\"item\":\"https:\/\/pharmanext.hu\/en\/\"},{\"@type\":\"ListItem\",\"position\":2,\"name\":\"Home page\"}]},{\"@type\":\"WebSite\",\"@id\":\"https:\/\/pharmanext.hu\/#website\",\"url\":\"https:\/\/pharmanext.hu\/\",\"name\":\"Pharmanext - Az \u00d6n OTC gy\u00f3gyszeripari szolg\u00e1ltat\u00f3ja\",\"description\":\"Az \u00d6n OTC Gy\u00f3gyszeripari Szolg\u00e1ltat\u00f3ja\",\"publisher\":{\"@id\":\"https:\/\/pharmanext.hu\/#organization\"},\"potentialAction\":[{\"@type\":\"SearchAction\",\"target\":{\"@type\":\"EntryPoint\",\"urlTemplate\":\"https:\/\/pharmanext.hu\/?s={search_term_string}\"},\"query-input\":\"required name=search_term_string\"}],\"inLanguage\":\"en-US\"},{\"@type\":\"Organization\",\"@id\":\"https:\/\/pharmanext.hu\/#organization\",\"name\":\"Pharmanext - Az \u00d6n OTC gy\u00f3gyszeripari szolg\u00e1ltat\u00f3ja\",\"url\":\"https:\/\/pharmanext.hu\/\",\"logo\":{\"@type\":\"ImageObject\",\"inLanguage\":\"en-US\",\"@id\":\"https:\/\/pharmanext.hu\/#\/schema\/logo\/image\/\",\"url\":\"https:\/\/pharmanext.hu\/wp-content\/uploads\/2023\/04\/pharmanext.png\",\"contentUrl\":\"https:\/\/pharmanext.hu\/wp-content\/uploads\/2023\/04\/pharmanext.png\",\"width\":205,\"height\":103,\"caption\":\"Pharmanext - Az \u00d6n OTC gy\u00f3gyszeripari szolg\u00e1ltat\u00f3ja\"},\"image\":{\"@id\":\"https:\/\/pharmanext.hu\/#\/schema\/logo\/image\/\"},\"sameAs\":[\"https:\/\/www.linkedin.com\/company\/pharmanexthungary\/\"]}]}<\/script>\n<!-- \/ Yoast SEO plugin. -->","yoast_head_json":{"title":"Pharmanext - Your OTCpartner in Hungary","robots":{"index":"index","follow":"follow","max-snippet":"max-snippet:-1","max-image-preview":"max-image-preview:large","max-video-preview":"max-video-preview:-1"},"canonical":"https:\/\/pharmanext.hu\/en\/","og_locale":"en_US","og_type":"article","og_title":"Pharmanext - Your OTCpartner in Hungary","og_url":"https:\/\/pharmanext.hu\/en\/","og_site_name":"Pharmanext","article_modified_time":"2023-05-08T18:14:01+00:00","twitter_card":"summary_large_image","schema":{"@context":"https:\/\/schema.org","@graph":[{"@type":"WebPage","@id":"https:\/\/pharmanext.hu\/en\/","url":"https:\/\/pharmanext.hu\/en\/","name":"Pharmanext - Your OTCpartner in Hungary","isPartOf":{"@id":"https:\/\/pharmanext.hu\/#website"},"datePublished":"2023-03-09T15:46:20+00:00","dateModified":"2023-05-08T18:14:01+00:00","breadcrumb":{"@id":"https:\/\/pharmanext.hu\/en\/#breadcrumb"},"inLanguage":"en-US","potentialAction":[{"@type":"ReadAction","target":["https:\/\/pharmanext.hu\/en\/"]}]},{"@type":"BreadcrumbList","@id":"https:\/\/pharmanext.hu\/en\/#breadcrumb","itemListElement":[{"@type":"ListItem","position":1,"name":"Kezd\u0151lap","item":"https:\/\/pharmanext.hu\/en\/"},{"@type":"ListItem","position":2,"name":"Home page"}]},{"@type":"WebSite","@id":"https:\/\/pharmanext.hu\/#website","url":"https:\/\/pharmanext.hu\/","name":"Pharmanext - Az \u00d6n OTC gy\u00f3gyszeripari szolg\u00e1ltat\u00f3ja","description":"Az \u00d6n OTC Gy\u00f3gyszeripari Szolg\u00e1ltat\u00f3ja","publisher":{"@id":"https:\/\/pharmanext.hu\/#organization"},"potentialAction":[{"@type":"SearchAction","target":{"@type":"EntryPoint","urlTemplate":"https:\/\/pharmanext.hu\/?s={search_term_string}"},"query-input":"required name=search_term_string"}],"inLanguage":"en-US"},{"@type":"Organization","@id":"https:\/\/pharmanext.hu\/#organization","name":"Pharmanext - Az \u00d6n OTC gy\u00f3gyszeripari szolg\u00e1ltat\u00f3ja","url":"https:\/\/pharmanext.hu\/","logo":{"@type":"ImageObject","inLanguage":"en-US","@id":"https:\/\/pharmanext.hu\/#\/schema\/logo\/image\/","url":"https:\/\/pharmanext.hu\/wp-content\/uploads\/2023\/04\/pharmanext.png","contentUrl":"https:\/\/pharmanext.hu\/wp-content\/uploads\/2023\/04\/pharmanext.png","width":205,"height":103,"caption":"Pharmanext - Az \u00d6n OTC gy\u00f3gyszeripari szolg\u00e1ltat\u00f3ja"},"image":{"@id":"https:\/\/pharmanext.hu\/#\/schema\/logo\/image\/"},"sameAs":["https:\/\/www.linkedin.com\/company\/pharmanexthungary\/"]}]}},"_links":{"self":[{"href":"https:\/\/pharmanext.hu\/en\/wp-json\/wp\/v2\/pages\/170"}],"collection":[{"href":"https:\/\/pharmanext.hu\/en\/wp-json\/wp\/v2\/pages"}],"about":[{"href":"https:\/\/pharmanext.hu\/en\/wp-json\/wp\/v2\/types\/page"}],"author":[{"embeddable":true,"href":"https:\/\/pharmanext.hu\/en\/wp-json\/wp\/v2\/users\/1"}],"replies":[{"embeddable":true,"href":"https:\/\/pharmanext.hu\/en\/wp-json\/wp\/v2\/comments?post=170"}],"version-history":[{"count":6,"href":"https:\/\/pharmanext.hu\/en\/wp-json\/wp\/v2\/pages\/170\/revisions"}],"predecessor-version":[{"id":358,"href":"https:\/\/pharmanext.hu\/en\/wp-json\/wp\/v2\/pages\/170\/revisions\/358"}],"wp:attachment":[{"href":"https:\/\/pharmanext.hu\/en\/wp-json\/wp\/v2\/media?parent=170"}],"curies":[{"name":"wp","href":"https:\/\/api.w.org\/{rel}","templated":true}]}}